{"id":47,"date":"2023-06-09T13:57:59","date_gmt":"2023-06-09T11:57:59","guid":{"rendered":"http:\/\/ioasis.eu\/?post_type=product&#038;p=47"},"modified":"2024-03-25T09:48:36","modified_gmt":"2024-03-25T08:48:36","slug":"apple-vision-pro","status":"publish","type":"product","link":"https:\/\/ioasis.eu\/sv\/produkt\/apple-vision-pro\/","title":{"rendered":"Apple Vision Pro"},"content":{"rendered":"<h4><strong>\u00d6versikt<\/strong><\/h4>\n<p>V\u00e4lkommen till en ny era av spatial computing med Apple Vision Pro. Denna revolutionerande enhet blandar s\u00f6ml\u00f6st digitalt inneh\u00e5ll med ditt fysiska utrymme, s\u00e5 att du kan navigera helt enkelt genom att anv\u00e4nda dina \u00f6gon, h\u00e4nder och r\u00f6st. Apple Vision Pro f\u00f6r\u00e4ndrar hur du anv\u00e4nder de appar du \u00e4lskar och g\u00f6r dina dr\u00f6mmars arbetsyta till verklighet - allt medan du \u00e4r n\u00e4rvarande i v\u00e4rlden omkring dig. Det \u00e4r en upplevelse utan motstycke som du m\u00e5ste se f\u00f6r att tro p\u00e5.<\/p>\n<h3><\/h3>\n<p>&nbsp;<\/p>\n<h4><strong>H\u00f6jdpunkter<\/strong><\/h4>\n<p><strong>Spatial databehandling<\/strong>: Apple Vision Pro introducerar en ny era av spatial databehandling, d\u00e4r digitalt inneh\u00e5ll sm\u00e4lter samman med ditt fysiska utrymme. Du kan navigera med hj\u00e4lp av dina \u00f6gon, h\u00e4nder och r\u00f6st, vilket g\u00f6r att du kan g\u00f6ra saker du \u00e4lskar p\u00e5 s\u00e4tt som aldrig tidigare varit m\u00f6jliga.<\/p>\n<p><strong>Appar:<\/strong> Dina appar lever i ditt utrymme. Med Vision Pro f\u00e5r du en o\u00e4ndlig canvas som f\u00f6r\u00e4ndrar hur du anv\u00e4nder dina favoritappar. Du kan placera appar var som helst och skala dem till den perfekta storleken, skapa din dr\u00f6marbetsyta och samtidigt vara n\u00e4rvarande i v\u00e4rlden runt omkring dig.<\/p>\n<p><strong>Underh\u00e5llning:<\/strong> Vision Pro kan f\u00f6rvandla vilket rum som helst till din personliga biograf. Expandera dina filmer, serier och spel upp till den perfekta storleken samtidigt som du k\u00e4nner att du \u00e4r en del av handlingen med Spatial Audio. Och med fler pixlar \u00e4n en 4K-TV f\u00f6r varje \u00f6ga kan du njuta av fantastiskt inneh\u00e5ll var du \u00e4n befinner dig.<\/p>\n<p><strong>Foton och videoklipp:<\/strong> Vision Pro \u00e4r Apple:s f\u00f6rsta 3D-kamera. Du kan ta magiska spatiala foton och spatiala videor i 3D och sedan \u00e5teruppleva dessa v\u00e4rdefulla \u00f6gonblick som aldrig f\u00f6rr med uppslukande spatialt ljud. Ditt befintliga bibliotek med foton och videor ser otroligt ut i en anm\u00e4rkningsv\u00e4rd skala.<\/p>\n<p><strong>Anslutning:<\/strong> Vision Pro g\u00f6r det enkelt att samarbeta och ansluta var du \u00e4n \u00e4r. FaceTime-videobrickor \u00e4r i naturlig storlek, och n\u00e4r nya personer ansluter expanderar samtalet helt enkelt i ditt rum. Inom FaceTime kan du ocks\u00e5 anv\u00e4nda appar f\u00f6r att samarbeta med kollegor p\u00e5 samma dokument samtidigt.<\/p>\n<p><strong>Utformning:<\/strong> Apple Vision Pro \u00e4r resultatet av \u00e5rtionden av erfarenhet av att designa h\u00f6gpresterande, mobila och b\u00e4rbara enheter. Den integrerar otroligt avancerad teknik i en elegant, kompakt form, vilket ger en fantastisk upplevelse varje g\u00e5ng du tar p\u00e5 dig den.<\/p>\n<p><strong>VisionOS:<\/strong> visionOS bygger p\u00e5 grunden f\u00f6r macOS, iOS och iPadOS och m\u00f6jligg\u00f6r kraftfulla rumsliga upplevelser. Styr Vision Pro med \u00f6gon, h\u00e4nder och r\u00f6st - interaktionen k\u00e4nns intuitiv och magisk.<\/p>\n<p><strong>Teknik:<\/strong> Rumsliga upplevelser p\u00e5 Vision Pro \u00e4r bara m\u00f6jliga med banbrytande Apple-teknik. Sk\u00e4rmar som \u00e4r lika stora som ett frim\u00e4rke levererar fler pixlar \u00e4n en 4K-TV till varje \u00f6ga. Otroliga framsteg inom spatialt ljud. En revolutionerande dubbelchipdesign med specialanpassat Apple-kisel. En sofistikerad upps\u00e4ttning kameror och sensorer.<\/p>\n<p><strong>Integritet och s\u00e4kerhet:<\/strong> Precis som alla Apple-produkter och -tj\u00e4nster har Vision Pro utformats f\u00f6r att skydda din integritet och ge dig kontroll \u00f6ver dina data. Den bygger p\u00e5 grunden av befintliga Apple integritets- och s\u00e4kerhetsfunktioner med ny teknik som Optic ID, ett s\u00e4kert autentiseringssystem som anv\u00e4nder din iris unika egenskaper.<\/p>","protected":false},"excerpt":{"rendered":"<p>Apple Vision Pro \u00e4r en revolutionerande spatial computing-enhet som s\u00f6ml\u00f6st blandar digitalt inneh\u00e5ll med ditt fysiska utrymme. Den erbjuder en omslutande underh\u00e5llningsupplevelse, 3D-kamera f\u00f6r rumsliga foton och videor och underl\u00e4ttar meningsfulla kontakter genom FaceTime-videobrickor i naturlig storlek. Designen integrerar avancerad teknik i ett kompakt format, och den drivs av en unik dubbelchipdesign f\u00f6r fantastisk grafik och realtidsvyer.<\/p>","protected":false},"featured_media":221,"template":"","meta":[],"product_cat":[31],"product_tag":[18,27,25,29,17,26,28,19],"class_list":["post-47","product","type-product","status-publish","has-post-thumbnail","hentry","product_cat-apple-vision-pro","product_tag-apple","product_tag-apple-ar","product_tag-apple-headset","product_tag-apple-vision","product_tag-apple-vision-pro","product_tag-apple-vr","product_tag-vision","product_tag-vision-pro"],"jetpack_sharing_enabled":true,"_links":{"self":[{"href":"https:\/\/ioasis.eu\/sv\/wp-json\/wp\/v2\/product\/47","targetHints":{"allow":["GET"]}}],"collection":[{"href":"https:\/\/ioasis.eu\/sv\/wp-json\/wp\/v2\/product"}],"about":[{"href":"https:\/\/ioasis.eu\/sv\/wp-json\/wp\/v2\/types\/product"}],"wp:featuredmedia":[{"embeddable":true,"href":"https:\/\/ioasis.eu\/sv\/wp-json\/wp\/v2\/media\/221"}],"wp:attachment":[{"href":"https:\/\/ioasis.eu\/sv\/wp-json\/wp\/v2\/media?parent=47"}],"wp:term":[{"taxonomy":"product_cat","embeddable":true,"href":"https:\/\/ioasis.eu\/sv\/wp-json\/wp\/v2\/product_cat?post=47"},{"taxonomy":"product_tag","embeddable":true,"href":"https:\/\/ioasis.eu\/sv\/wp-json\/wp\/v2\/product_tag?post=47"}],"curies":[{"name":"wp","href":"https:\/\/api.w.org\/{rel}","templated":true}]}}