{"id":923,"date":"2024-02-03T01:20:32","date_gmt":"2024-02-03T00:20:32","guid":{"rendered":"https:\/\/ioasis.eu\/?post_type=product&#038;p=923"},"modified":"2024-02-03T01:20:33","modified_gmt":"2024-02-03T00:20:33","slug":"belkin-battery-holder-for-apple-vision-pro","status":"publish","type":"product","link":"https:\/\/ioasis.eu\/sv\/produkt\/belkin-batterihallare-for-apple-vision-pro\/","title":{"rendered":"Belkin Batterih\u00e5llare f\u00f6r Apple Vision Pro"},"content":{"rendered":"<p>Batterih\u00e5llaren \u00e4r utformad f\u00f6r att h\u00e5lla ditt Apple Vision Pro-batteri s\u00e4kert och tryggt och ger en bekv\u00e4m och m\u00e5ngsidig handsfree-upplevelse. Batterih\u00e5llaren \u00e4r ett snabbt och enkelt s\u00e4tt att f\u00e4sta batteriet i b\u00e4ltet eller byxorna, medan korsremmen ger dem som inte har tillg\u00e5ng till ett f\u00e4ste ett bra s\u00e4tt att ha h\u00e4nderna fria samtidigt som de anv\u00e4nder Apple Vision Pro.<\/p>\n<p>&nbsp;<\/p>\n<h3 class=\"rc-pdsection-title\" data-autom=\"sectionTitle\">H\u00f6jdpunkter<\/h3>\n<div class=\"para-list\">\n<p>Armbandsrem f\u00f6r m\u00e5ngsidiga anv\u00e4ndningsalternativ<\/p>\n<\/div>\n<div class=\"para-list as-pdp-lastparalist\">\n<p>Kabelkl\u00e4mma f\u00f6r bekv\u00e4m kabelhantering<\/p>\n<\/div>\n<p>&nbsp;<\/p>\n<div class=\"rc-pdsection-sidepanel column large-3 small-12\">\n<h3 class=\"rc-pdsection-title\" data-autom=\"sectionTitle\">Vad finns i l\u00e5dan<\/h3>\n<\/div>\n<div class=\"rc-pdsection-mainpanel column large-9 small-12\">\n<div>\n<ul class=\"bulleted\">\n<li>Batterih\u00e5llare f\u00f6r Apple Vision Pro<\/li>\n<li>Armbandsrem<\/li>\n<li>Kabelkl\u00e4mma<\/li>\n<li>Snabb installationsguide<\/li>\n<\/ul>\n<\/div>\n<\/div>","protected":false},"excerpt":{"rendered":"<p>Batterih\u00e5llaren \u00e4r utformad f\u00f6r att h\u00e5lla ditt Apple Vision Pro-batteri s\u00e4kert och tryggt och ger en bekv\u00e4m och m\u00e5ngsidig handsfree-upplevelse. Batterih\u00e5llaren \u00e4r ett snabbt och enkelt s\u00e4tt att f\u00e4sta batteriet i b\u00e4ltet eller byxorna, medan korsremmen ger dem som inte har tillg\u00e5ng till ett f\u00e4ste ett bra s\u00e4tt att ha h\u00e4nderna fria samtidigt som de anv\u00e4nder Apple Vision Pro.<\/p>","protected":false},"featured_media":926,"template":"","meta":[],"product_cat":[43,31],"product_tag":[45,44],"class_list":["post-923","product","type-product","status-publish","has-post-thumbnail","hentry","product_cat-accessories","product_cat-apple-vision-pro","product_tag-battery-holder-for-apple-vision-pro","product_tag-belkin-battery-holder-for-apple-vision-pro"],"jetpack_sharing_enabled":true,"_links":{"self":[{"href":"https:\/\/ioasis.eu\/sv\/wp-json\/wp\/v2\/product\/923","targetHints":{"allow":["GET"]}}],"collection":[{"href":"https:\/\/ioasis.eu\/sv\/wp-json\/wp\/v2\/product"}],"about":[{"href":"https:\/\/ioasis.eu\/sv\/wp-json\/wp\/v2\/types\/product"}],"wp:featuredmedia":[{"embeddable":true,"href":"https:\/\/ioasis.eu\/sv\/wp-json\/wp\/v2\/media\/926"}],"wp:attachment":[{"href":"https:\/\/ioasis.eu\/sv\/wp-json\/wp\/v2\/media?parent=923"}],"wp:term":[{"taxonomy":"product_cat","embeddable":true,"href":"https:\/\/ioasis.eu\/sv\/wp-json\/wp\/v2\/product_cat?post=923"},{"taxonomy":"product_tag","embeddable":true,"href":"https:\/\/ioasis.eu\/sv\/wp-json\/wp\/v2\/product_tag?post=923"}],"curies":[{"name":"wp","href":"https:\/\/api.w.org\/{rel}","templated":true}]}}