{"id":930,"date":"2024-02-03T01:48:12","date_gmt":"2024-02-03T00:48:12","guid":{"rendered":"https:\/\/ioasis.eu\/?post_type=product&#038;p=930"},"modified":"2024-02-18T22:32:07","modified_gmt":"2024-02-18T21:32:07","slug":"zeiss-optical-inserts-apple-vision-pro","status":"publish","type":"product","link":"https:\/\/ioasis.eu\/sv\/produkt\/zeiss-optiska-insatser-apple-vision-pro\/","title":{"rendered":"ZEISS optiska insatser f\u00f6r Apple Vision Pro"},"content":{"rendered":"<div class=\"para-list as-pdp-lastparalist\">\n<p>Det finns tv\u00e5 typer av ZEISS optiska sk\u00e4r: Korrektionsglas\u00f6gon och l\u00e4sglas\u00f6gon. Varje typ s\u00e4ljs som ett par som \u00e4r utformade f\u00f6r att fungera med Apple Vision Pro.<\/p>\n<\/div>\n<h4 class=\"h4-para-title\">ZEISS Optical Inserts och Apple Vision Pro Light Seal \u00e4r utformade f\u00f6r att fungera tillsammans.<\/h4>\n<div class=\"rc-pdsection-sidepanel column large-3 small-12\">\n<h3 data-autom=\"sectionTitle\"><\/h3>\n<h3 class=\"rc-pdsection-title\" data-autom=\"sectionTitle\">H\u00f6jdpunkter<\/h3>\n<\/div>\n<div class=\"rc-pdsection-mainpanel column large-9 small-12\">\n<div class=\"para-list\">\n<p><strong>ZEISS optiska insatser - glas\u00f6gon med recept<\/strong><\/p>\n<\/div>\n<div class=\"para-list\">\n<p>Skr\u00e4ddarsydda enligt ditt recept. Meddela oss bara dina receptuppgifter vid k\u00f6pet.<\/p>\n<\/div>\n<div class=\"para-list\">\n<p>Unikt f\u00f6r varje \u00f6ga<\/p>\n<\/div>\n<div class=\"para-list\">\n<p>Magnetisk f\u00e4stmekanism<\/p>\n<\/div>\n<div class=\"para-list\">\n<p>Valfri gravyr<\/p>\n<\/div>\n<div class=\"para-list\">\n<p>&nbsp;<\/p>\n<\/div>\n<div class=\"para-list\">\n<p><strong>ZEISS optiska insatser - l\u00e4sglas\u00f6gon<\/strong><\/p>\n<\/div>\n<div class=\"para-list\">\n<p>Tre tillg\u00e4ngliga l\u00e4sarstyrkor<\/p>\n<\/div>\n<div class=\"para-list as-pdp-lastparalist\">\n<p>Magnetisk f\u00e4stmekanism<\/p>\n<p>&nbsp;<\/p>\n<\/div>\n<div class=\"rc-pdsection-sidepanel column large-3 small-12\">\n<h3 class=\"rc-pdsection-title\" data-autom=\"sectionTitle\">Vad finns i l\u00e5dan<\/h3>\n<\/div>\n<div class=\"rc-pdsection-mainpanel column large-9 small-12\">\n<div class=\"para-list as-pdp-lastparalist\">\n<p>ZEISS optiska sk\u00e4rmar (f\u00f6r receptbelagda glas\u00f6gon eller l\u00e4sglas\u00f6gon)<\/p>\n<\/div>\n<\/div>\n<\/div>","protected":false},"excerpt":{"rendered":"<p>Det finns tv\u00e5 typer av ZEISS optiska sk\u00e4r: Korrektionsglas\u00f6gon och l\u00e4sglas\u00f6gon. Varje typ s\u00e4ljs som ett par som \u00e4r utformade f\u00f6r att fungera med Apple Vision Pro.<\/p>","protected":false},"featured_media":937,"template":"","meta":[],"product_cat":[43,31],"product_tag":[53,51,52,54,50],"class_list":["post-930","product","type-product","status-publish","has-post-thumbnail","hentry","product_cat-accessories","product_cat-apple-vision-pro","product_tag-apple-vision-pro-glasses","product_tag-apple-vision-pro-inserts","product_tag-apple-vision-pro-optical-inserts","product_tag-glasses","product_tag-zeiss-optical-inserts"],"jetpack_sharing_enabled":true,"_links":{"self":[{"href":"https:\/\/ioasis.eu\/sv\/wp-json\/wp\/v2\/product\/930","targetHints":{"allow":["GET"]}}],"collection":[{"href":"https:\/\/ioasis.eu\/sv\/wp-json\/wp\/v2\/product"}],"about":[{"href":"https:\/\/ioasis.eu\/sv\/wp-json\/wp\/v2\/types\/product"}],"wp:featuredmedia":[{"embeddable":true,"href":"https:\/\/ioasis.eu\/sv\/wp-json\/wp\/v2\/media\/937"}],"wp:attachment":[{"href":"https:\/\/ioasis.eu\/sv\/wp-json\/wp\/v2\/media?parent=930"}],"wp:term":[{"taxonomy":"product_cat","embeddable":true,"href":"https:\/\/ioasis.eu\/sv\/wp-json\/wp\/v2\/product_cat?post=930"},{"taxonomy":"product_tag","embeddable":true,"href":"https:\/\/ioasis.eu\/sv\/wp-json\/wp\/v2\/product_tag?post=930"}],"curies":[{"name":"wp","href":"https:\/\/api.w.org\/{rel}","templated":true}]}}