{"id":942,"date":"2024-02-03T02:06:25","date_gmt":"2024-02-03T01:06:25","guid":{"rendered":"https:\/\/ioasis.eu\/?post_type=product&#038;p=942"},"modified":"2024-02-03T02:06:26","modified_gmt":"2024-02-03T01:06:26","slug":"apple-vision-pro-solo-knit-band","status":"publish","type":"product","link":"https:\/\/ioasis.eu\/sv\/produkt\/apple-vision-pro-solo-knit-band\/","title":{"rendered":"Apple Vision Pro Solo Knit Band"},"content":{"rendered":"<p>Solo Knit-bandet \u00e4r utformat f\u00f6r Apple Vision Pro och \u00e4r 3D-stickat i ett enda stycke f\u00f6r att skapa en unik ribbstruktur som ger d\u00e4mpning, andningsf\u00f6rm\u00e5ga och stretch. Det har en l\u00e4tt\u00e5tkomlig Fit Dial som g\u00f6r att du kan justera Apple Vision Pro till ditt huvud och m\u00f6jligg\u00f6r mikrojusteringar under anv\u00e4ndning. Solo Knit-bandet f\u00e4sts p\u00e5 ljudbanden med en enkel och s\u00e4ker mekanism, och flikarna g\u00f6r att du kan ta loss det vid behov.<\/p>\n<p>&nbsp;<\/p>\n<div class=\"rc-pdsection-sidepanel column large-3 small-12\">\n<h3 class=\"rc-pdsection-title\" data-autom=\"sectionTitle\">Vad finns i l\u00e5dan<\/h3>\n<\/div>\n<div class=\"rc-pdsection-mainpanel column large-9 small-12\">\n<div class=\"para-list as-pdp-lastparalist\">\n<p>Apple Vision Pro Solo Knit Band<\/p>\n<\/div>\n<\/div>","protected":false},"excerpt":{"rendered":"<p>Solo Knit-bandet \u00e4r utformat f\u00f6r Apple Vision Pro och \u00e4r 3D-stickat i ett enda stycke f\u00f6r att skapa en unik ribbstruktur som ger d\u00e4mpning, andningsf\u00f6rm\u00e5ga och stretch.<\/p>","protected":false},"featured_media":945,"template":"","meta":[],"product_cat":[43,31],"product_tag":[59,62,63,61,60],"class_list":["post-942","product","type-product","status-publish","has-post-thumbnail","hentry","product_cat-accessories","product_cat-apple-vision-pro","product_tag-apple-vision-pro-solo-knit-band","product_tag-band","product_tag-headband","product_tag-knit-band","product_tag-solo-knit-band"],"jetpack_sharing_enabled":true,"_links":{"self":[{"href":"https:\/\/ioasis.eu\/sv\/wp-json\/wp\/v2\/product\/942","targetHints":{"allow":["GET"]}}],"collection":[{"href":"https:\/\/ioasis.eu\/sv\/wp-json\/wp\/v2\/product"}],"about":[{"href":"https:\/\/ioasis.eu\/sv\/wp-json\/wp\/v2\/types\/product"}],"wp:featuredmedia":[{"embeddable":true,"href":"https:\/\/ioasis.eu\/sv\/wp-json\/wp\/v2\/media\/945"}],"wp:attachment":[{"href":"https:\/\/ioasis.eu\/sv\/wp-json\/wp\/v2\/media?parent=942"}],"wp:term":[{"taxonomy":"product_cat","embeddable":true,"href":"https:\/\/ioasis.eu\/sv\/wp-json\/wp\/v2\/product_cat?post=942"},{"taxonomy":"product_tag","embeddable":true,"href":"https:\/\/ioasis.eu\/sv\/wp-json\/wp\/v2\/product_tag?post=942"}],"curies":[{"name":"wp","href":"https:\/\/api.w.org\/{rel}","templated":true}]}}